{"id":237761,"date":"2024-02-01T13:49:54","date_gmt":"2024-02-01T12:49:54","guid":{"rendered":"https:\/\/preview.iscador.com\/about-us\/career\/job-posting\/"},"modified":"2024-09-25T11:09:34","modified_gmt":"2024-09-25T09:09:34","slug":"job-posting","status":"publish","type":"page","link":"https:\/\/iscador.com\/en\/about-us\/career\/job-posting\/","title":{"rendered":"Job posting"},"content":{"rendered":"\t\t<div data-elementor-type=\"wp-page\" data-elementor-id=\"237761\" class=\"elementor elementor-237761 elementor-237468\" data-elementor-post-type=\"page\">\n\t\t\t\t<div class=\"elementor-element elementor-element-e9c69ae e-flex e-con-boxed e-con e-parent\" data-id=\"e9c69ae\" data-element_type=\"container\" data-e-type=\"container\">\n\t\t\t\t\t<div class=\"e-con-inner\">\n\t\t\t\t<div class=\"elementor-element elementor-element-b74eb1f iscador-heading elementor-widget elementor-widget-heading\" data-id=\"b74eb1f\" data-element_type=\"widget\" data-e-type=\"widget\" data-widget_type=\"heading.default\">\n\t\t\t\t<div class=\"elementor-widget-container\">\n\t\t\t\t\t<h1 class=\"elementor-heading-title elementor-size-default\">Open Positions<\/h1>\t\t\t\t<\/div>\n\t\t\t\t<\/div>\n\t\t\t\t<div class=\"elementor-element elementor-element-39ba53a elementor-widget elementor-widget-shortcode\" data-id=\"39ba53a\" data-element_type=\"widget\" data-e-type=\"widget\" data-widget_type=\"shortcode.default\">\n\t\t\t\t<div class=\"elementor-widget-container\">\n\t\t\t\t\t\t\t<div class=\"elementor-shortcode\"><div class=\"aol-archive aol-wrapper\"><div class=\"well well-lg\"><form method=\"post\" class=\"form-horizontal\" id=\"aol_ad_form\" action=\"#aol_ad_form\"><div class=\"form-group\"><div class=\"aol-md-4\"><select name=\"category\" class=\"aol-filter-select form-control\"><option value=\"\">Abteilungen - All<\/option><option value=\"482\" >Personalwesen<\/option><\/select><\/div><div class=\"aol-md-4\"><select name=\"type\" class=\"aol-filter-select form-control\"><option value=\"\">Anstellungsarten - All<\/option><option value=\"447\" >Teilzeit \/ Vollzeit<\/option><\/select><\/div><div class=\"aol-md-4\"><select name=\"location\" class=\"aol-filter-select form-control\"><option value=\"\">Ort - All<\/option><option value=\"73\" >Arlesheim BL<\/option><\/select><\/div><\/div><div class=\"form-group\"><div class=\"aol-md-10\"><input type=\"text\" name=\"aol_seach_keyword\" class=\"form-control\" placeholder=\"Search Keyword\" value=\"\"><\/div><div class=\"aol-md-2\"><button class=\"fusion-button button btn btn-info btn-block aol-filter-button\">Filter<\/button><\/div><\/div><\/form><\/div><div class=\"aol-ad-outer-wrapper\"><div class=\"aol-ad-inner-wrapper aol_ad_249649\"><div class=\"panel panel-default open\"><div class=\"panel-heading\">HR-Fachfrau\/mann, 80 - 100 % (w\/m\/d)<\/div><div class=\"panel-body\"><p>Die Iscador AG ist ein pharmazeutisches Unternehmen, welches die Herstellung und den weltweiten Vertrieb des f\u00fchrenden Mistelpr\u00e4parates Iscador \u00fcbernommen hat. Misteltherapie ist seit Jahrzehnten ein bew\u00e4hrter Bestandteil der integrativen Krebstherapie. Unser Ziel ist es, den Einsatz von Iscador in der Onkologie weiter auszubauen. Als Erg\u00e4nzung f\u00fcr unser Team suchen wir per sofort oder nach Vereinbarung....<\/p><div class=\"clearfix\"><\/div><a href=\"https:\/\/iscador.com\/en\/stellen\/hr-fachfrau-mann-80-100-w-m-d\/\" ><button class=\"fusion-button button read-more btn btn-info\">Read More<\/button><\/a><\/div><div class=\"panel-footer\"><span class=\"aol-tax-wrapper\"><strong class=\"aol-ad-taxonomy\">Abteilungen: <\/strong>Personalwesen, <\/span><span class=\"aol-tax-wrapper\"> &nbsp;<strong class=\"aol-ad-taxonomy\">Ort: <\/strong>Arlesheim BL, <\/span><span class=\"aol-tax-wrapper\"> &nbsp;<strong class=\"aol-ad-taxonomy\">Anstellungsarten: <\/strong>Teilzeit \/ Vollzeit, <\/span><\/div><\/div><\/div><\/div><\/div><\/div>\n\t\t\t\t\t\t<\/div>\n\t\t\t\t<\/div>\n\t\t\t\t\t<\/div>\n\t\t\t\t<\/div>\n\t\t<div class=\"elementor-element elementor-element-9ef9f1f e-flex e-con-boxed e-con e-parent\" data-id=\"9ef9f1f\" data-element_type=\"container\" data-e-type=\"container\">\n\t\t\t\t\t<div class=\"e-con-inner\">\n\t\t\t\t<div class=\"elementor-element elementor-element-aa44929 iscador-divider elementor-widget-divider--view-line elementor-widget elementor-widget-divider\" data-id=\"aa44929\" data-element_type=\"widget\" data-e-type=\"widget\" data-widget_type=\"divider.default\">\n\t\t\t\t<div class=\"elementor-widget-container\">\n\t\t\t\t\t\t\t<div class=\"elementor-divider\">\n\t\t\t<span class=\"elementor-divider-separator\">\n\t\t\t\t\t\t<\/span>\n\t\t<\/div>\n\t\t\t\t\t\t<\/div>\n\t\t\t\t<\/div>\n\t\t\t\t<div class=\"elementor-element elementor-element-e136e90 elementor-widget elementor-widget-template\" data-id=\"e136e90\" data-element_type=\"widget\" data-e-type=\"widget\" data-widget_type=\"template.default\">\n\t\t\t\t<div class=\"elementor-widget-container\">\n\t\t\t\t\t\t\t<div class=\"elementor-template\">\n\t\t\t\t\t<div data-elementor-type=\"container\" data-elementor-id=\"237289\" class=\"elementor elementor-237289 elementor-236363 elementor-236363\" data-elementor-post-type=\"elementor_library\">\n\t\t\t\t<div class=\"elementor-element elementor-element-5beb5e8c iscador-kachel-bar-wrapper e-flex e-con-boxed e-con e-parent\" data-id=\"5beb5e8c\" data-element_type=\"container\" data-e-type=\"container\">\n\t\t\t\t\t<div class=\"e-con-inner\">\n\t\t<div class=\"elementor-element elementor-element-3b7d892b e-con-full e-flex e-con e-child\" data-id=\"3b7d892b\" data-element_type=\"container\" data-e-type=\"container\">\n\t\t\t\t<div class=\"elementor-element elementor-element-668ac69f iscador-icon-kachel elementor-position-top elementor-widget elementor-widget-image-box\" data-id=\"668ac69f\" data-element_type=\"widget\" data-e-type=\"widget\" data-widget_type=\"image-box.default\">\n\t\t\t\t<div class=\"elementor-widget-container\">\n\t\t\t\t\t<div class=\"elementor-image-box-wrapper\"><figure class=\"elementor-image-box-img\"><a href=\"https:\/\/preview.iscador.com\/services\/kontakt\/\" tabindex=\"-1\"><img fetchpriority=\"high\" decoding=\"async\" width=\"288\" height=\"288\" src=\"https:\/\/iscador.com\/wp-content\/uploads\/2022\/03\/kontakt_Icon_Iscador-1.png\" class=\"elementor-animation-grow attachment-medium_large size-medium_large wp-image-227629\" alt=\"Kontakt\" \/><\/a><\/figure><div class=\"elementor-image-box-content\"><h3 class=\"elementor-image-box-title\"><a href=\"https:\/\/preview.iscador.com\/services\/kontakt\/\">Contact<\/a><\/h3><p class=\"elementor-image-box-description\">Get in touch with us<\/p><\/div><\/div>\t\t\t\t<\/div>\n\t\t\t\t<\/div>\n\t\t\t\t<\/div>\n\t\t<div class=\"elementor-element elementor-element-659cc4ff e-con-full e-flex e-con e-child\" data-id=\"659cc4ff\" data-element_type=\"container\" data-e-type=\"container\">\n\t\t\t\t<div class=\"elementor-element elementor-element-17eeb675 iscador-icon-kachel elementor-position-top elementor-widget elementor-widget-image-box\" data-id=\"17eeb675\" data-element_type=\"widget\" data-e-type=\"widget\" data-widget_type=\"image-box.default\">\n\t\t\t\t<div class=\"elementor-widget-container\">\n\t\t\t\t\t<div class=\"elementor-image-box-wrapper\"><figure class=\"elementor-image-box-img\"><a href=\"https:\/\/iscador.com\/en\/about-us\/career\/\" tabindex=\"-1\"><img decoding=\"async\" width=\"288\" height=\"288\" src=\"https:\/\/iscador.com\/wp-content\/uploads\/2022\/03\/Stellen_Icon_Iscador-1.png\" class=\"elementor-animation-grow attachment-medium_large size-medium_large wp-image-227641\" alt=\"Stellen\" \/><\/a><\/figure><div class=\"elementor-image-box-content\"><h3 class=\"elementor-image-box-title\"><a href=\"https:\/\/iscador.com\/en\/about-us\/career\/\">We are looking for you<\/a><\/h3><p class=\"elementor-image-box-description\">Your career at Iscador AG<\/p><\/div><\/div>\t\t\t\t<\/div>\n\t\t\t\t<\/div>\n\t\t\t\t<\/div>\n\t\t<div class=\"elementor-element elementor-element-122cdb2e e-con-full e-flex e-con e-child\" data-id=\"122cdb2e\" data-element_type=\"container\" data-e-type=\"container\">\n\t\t\t\t<div class=\"elementor-element elementor-element-5f113c3c iscador-icon-kachel elementor-position-top elementor-widget elementor-widget-image-box\" data-id=\"5f113c3c\" data-element_type=\"widget\" data-e-type=\"widget\" data-widget_type=\"image-box.default\">\n\t\t\t\t<div class=\"elementor-widget-container\">\n\t\t\t\t\t<div class=\"elementor-image-box-wrapper\"><figure class=\"elementor-image-box-img\"><a href=\"https:\/\/iscador.com\/en\/professionals-section-teaser\/\" tabindex=\"-1\"><img decoding=\"async\" width=\"288\" height=\"288\" src=\"https:\/\/iscador.com\/wp-content\/uploads\/2022\/03\/Fachbereich_Icon_Iscador-1.png\" class=\"elementor-animation-grow attachment-medium_large size-medium_large wp-image-227644\" alt=\"Bereich f\u00fcr Fachkreise\" \/><\/a><\/figure><div class=\"elementor-image-box-content\"><h3 class=\"elementor-image-box-title\"><a href=\"https:\/\/iscador.com\/en\/professionals-section-teaser\/\">Professionals Section<\/a><\/h3><p class=\"elementor-image-box-description\">Area for medical professionals<\/p><\/div><\/div>\t\t\t\t<\/div>\n\t\t\t\t<\/div>\n\t\t\t\t<\/div>\n\t\t\t\t\t<\/div>\n\t\t\t\t<\/div>\n\t\t\t\t<\/div>\n\t\t\t\t<\/div>\n\t\t\t\t\t\t<\/div>\n\t\t\t\t<\/div>\n\t\t\t\t\t<\/div>\n\t\t\t\t<\/div>\n\t\t\t\t<\/div>\n\t\t","protected":false},"excerpt":{"rendered":"<p>Open Positions<\/p>\n","protected":false},"author":13,"featured_media":0,"parent":237279,"menu_order":0,"comment_status":"closed","ping_status":"closed","template":"","meta":{"_acf_changed":false,"footnotes":""},"folder":[410],"class_list":["post-237761","page","type-page","status-publish","hentry"],"acf":[],"_links":{"self":[{"href":"https:\/\/iscador.com\/en\/wp-json\/wp\/v2\/pages\/237761","targetHints":{"allow":["GET"]}}],"collection":[{"href":"https:\/\/iscador.com\/en\/wp-json\/wp\/v2\/pages"}],"about":[{"href":"https:\/\/iscador.com\/en\/wp-json\/wp\/v2\/types\/page"}],"author":[{"embeddable":true,"href":"https:\/\/iscador.com\/en\/wp-json\/wp\/v2\/users\/13"}],"replies":[{"embeddable":true,"href":"https:\/\/iscador.com\/en\/wp-json\/wp\/v2\/comments?post=237761"}],"version-history":[{"count":3,"href":"https:\/\/iscador.com\/en\/wp-json\/wp\/v2\/pages\/237761\/revisions"}],"predecessor-version":[{"id":246065,"href":"https:\/\/iscador.com\/en\/wp-json\/wp\/v2\/pages\/237761\/revisions\/246065"}],"up":[{"embeddable":true,"href":"https:\/\/iscador.com\/en\/wp-json\/wp\/v2\/pages\/237279"}],"wp:attachment":[{"href":"https:\/\/iscador.com\/en\/wp-json\/wp\/v2\/media?parent=237761"}],"wp:term":[{"taxonomy":"folder","embeddable":true,"href":"https:\/\/iscador.com\/en\/wp-json\/wp\/v2\/folder?post=237761"}],"curies":[{"name":"wp","href":"https:\/\/api.w.org\/{rel}","templated":true}]}}