{"id":237346,"date":"2024-01-31T11:28:24","date_gmt":"2024-01-31T10:28:24","guid":{"rendered":"https:\/\/preview.iscador.com\/impressum\/"},"modified":"2024-07-15T12:49:31","modified_gmt":"2024-07-15T10:49:31","slug":"imprint","status":"publish","type":"page","link":"https:\/\/iscador.com\/en\/imprint\/","title":{"rendered":"Imprint"},"content":{"rendered":"\t\t<div data-elementor-type=\"wp-page\" data-elementor-id=\"237346\" class=\"elementor elementor-237346 elementor-237087\" data-elementor-post-type=\"page\">\n\t\t\t\t<div class=\"elementor-element elementor-element-df19c8d e-flex e-con-boxed e-con e-parent\" data-id=\"df19c8d\" data-element_type=\"container\" data-e-type=\"container\">\n\t\t\t\t\t<div class=\"e-con-inner\">\n\t\t\t\t<div class=\"elementor-element elementor-element-7183bea iscador-h2 elementor-widget elementor-widget-heading\" data-id=\"7183bea\" data-element_type=\"widget\" data-e-type=\"widget\" data-widget_type=\"heading.default\">\n\t\t\t\t<div class=\"elementor-widget-container\">\n\t\t\t\t\t<h1 class=\"elementor-heading-title elementor-size-default\">Imprint<\/h1>\t\t\t\t<\/div>\n\t\t\t\t<\/div>\n\t\t\t\t<div class=\"elementor-element elementor-element-9441fc4 iscador-text elementor-widget elementor-widget-text-editor\" data-id=\"9441fc4\" data-element_type=\"widget\" data-e-type=\"widget\" data-widget_type=\"text-editor.default\">\n\t\t\t\t<div class=\"elementor-widget-container\">\n\t\t\t\t\t\t\t\t\t<p>Iscador AG<br \/>Kirschweg 9<br \/>4144 Arlesheim<br \/>Switzerland<\/p>\n\t\t\t\t\t\t\t\t<\/div>\n\t\t\t\t<\/div>\n\t\t\t\t<div class=\"elementor-element elementor-element-e4899b8 iscador-text elementor-widget elementor-widget-text-editor\" data-id=\"e4899b8\" data-element_type=\"widget\" data-e-type=\"widget\" data-widget_type=\"text-editor.default\">\n\t\t\t\t<div class=\"elementor-widget-container\">\n\t\t\t\t\t\t\t\t\t<p>Tel. <a href=\"tel:+41%2061%20706%2072%2022\">+41 61 706 72 22<\/a><br \/><a href=\"mailto:info@iscador.ch\">info@iscador.ch<\/a><\/p>\n\t\t\t\t\t\t\t\t<\/div>\n\t\t\t\t<\/div>\n\t\t\t\t<div class=\"elementor-element elementor-element-723fb0d iscador-h2 elementor-widget elementor-widget-heading\" data-id=\"723fb0d\" data-element_type=\"widget\" data-e-type=\"widget\" data-widget_type=\"heading.default\">\n\t\t\t\t<div class=\"elementor-widget-container\">\n\t\t\t\t\t<h2 class=\"elementor-heading-title elementor-size-default\">Aktiengesellschaft (Limited Company)<\/h2>\t\t\t\t<\/div>\n\t\t\t\t<\/div>\n\t\t\t\t<div class=\"elementor-element elementor-element-5549eb0 iscador-text elementor-widget elementor-widget-text-editor\" data-id=\"5549eb0\" data-element_type=\"widget\" data-e-type=\"widget\" data-widget_type=\"text-editor.default\">\n\t\t\t\t<div class=\"elementor-widget-container\">\n\t\t\t\t\t\t\t\t\t<p>Commercial Register Office: Canton Basel-Country<br \/>Registered company: Iscador AG<br \/>UID: CHE-398.290.395<\/p>\n\t\t\t\t\t\t\t\t<\/div>\n\t\t\t\t<\/div>\n\t\t\t\t<div class=\"elementor-element elementor-element-a09fd17 iscador-h2 elementor-widget elementor-widget-heading\" data-id=\"a09fd17\" data-element_type=\"widget\" data-e-type=\"widget\" data-widget_type=\"heading.default\">\n\t\t\t\t<div class=\"elementor-widget-container\">\n\t\t\t\t\t<h2 class=\"elementor-heading-title elementor-size-default\"><span style=\"font-size: 25.2px\">Authorised representatives (Board of directors)<\/span><\/h2>\t\t\t\t<\/div>\n\t\t\t\t<\/div>\n\t\t\t\t<div class=\"elementor-element elementor-element-9237d30 iscador-text elementor-widget elementor-widget-text-editor\" data-id=\"9237d30\" data-element_type=\"widget\" data-e-type=\"widget\" data-widget_type=\"text-editor.default\">\n\t\t\t\t<div class=\"elementor-widget-container\">\n\t\t\t\t\t\t\t\t\t<p>Gerhard Schaller, Bj\u00f6rn Stehle, Sarah S. Monz<\/p>\n\t\t\t\t\t\t\t\t<\/div>\n\t\t\t\t<\/div>\n\t\t\t\t<div class=\"elementor-element elementor-element-aa0a6f8 iscador-h2 elementor-widget elementor-widget-heading\" data-id=\"aa0a6f8\" data-element_type=\"widget\" data-e-type=\"widget\" data-widget_type=\"heading.default\">\n\t\t\t\t<div class=\"elementor-widget-container\">\n\t\t\t\t\t<h2 class=\"elementor-heading-title elementor-size-default\">Chairman of the Supervisory Board:<\/h2>\t\t\t\t<\/div>\n\t\t\t\t<\/div>\n\t\t\t\t<div class=\"elementor-element elementor-element-1d568fa iscador-text elementor-widget elementor-widget-text-editor\" data-id=\"1d568fa\" data-element_type=\"widget\" data-e-type=\"widget\" data-widget_type=\"text-editor.default\">\n\t\t\t\t<div class=\"elementor-widget-container\">\n\t\t\t\t\t\t\t\t\t<p>Alexander Gutmans<\/p>\n\t\t\t\t\t\t\t\t<\/div>\n\t\t\t\t<\/div>\n\t\t\t\t<div class=\"elementor-element elementor-element-64d49dd iscador-h2 elementor-widget elementor-widget-heading\" data-id=\"64d49dd\" data-element_type=\"widget\" data-e-type=\"widget\" data-widget_type=\"heading.default\">\n\t\t\t\t<div class=\"elementor-widget-container\">\n\t\t\t\t\t<h2 class=\"elementor-heading-title elementor-size-default\">Responsible for the content<\/h2>\t\t\t\t<\/div>\n\t\t\t\t<\/div>\n\t\t\t\t<div class=\"elementor-element elementor-element-b684d07 iscador-text elementor-widget elementor-widget-text-editor\" data-id=\"b684d07\" data-element_type=\"widget\" data-e-type=\"widget\" data-widget_type=\"text-editor.default\">\n\t\t\t\t<div class=\"elementor-widget-container\">\n\t\t\t\t\t\t\t\t\t<p>Matthias M\u00fctsch, Information Officer<\/p>\n\t\t\t\t\t\t\t\t<\/div>\n\t\t\t\t<\/div>\n\t\t\t\t<div class=\"elementor-element elementor-element-ee28003 iscador-h2 elementor-widget elementor-widget-heading\" data-id=\"ee28003\" data-element_type=\"widget\" data-e-type=\"widget\" data-widget_type=\"heading.default\">\n\t\t\t\t<div class=\"elementor-widget-container\">\n\t\t\t\t\t<h2 class=\"elementor-heading-title elementor-size-default\">Photography<\/h2>\t\t\t\t<\/div>\n\t\t\t\t<\/div>\n\t\t\t\t<div class=\"elementor-element elementor-element-f2aead0 iscador-text elementor-widget elementor-widget-text-editor\" data-id=\"f2aead0\" data-element_type=\"widget\" data-e-type=\"widget\" data-widget_type=\"text-editor.default\">\n\t\t\t\t<div class=\"elementor-widget-container\">\n\t\t\t\t\t\t\t\t\t<p>J\u00fcrg Buess, Hartmut Ramm<\/p>\n\t\t\t\t\t\t\t\t<\/div>\n\t\t\t\t<\/div>\n\t\t\t\t<div class=\"elementor-element elementor-element-10c473c iscador-h2 elementor-widget elementor-widget-heading\" data-id=\"10c473c\" data-element_type=\"widget\" data-e-type=\"widget\" data-widget_type=\"heading.default\">\n\t\t\t\t<div class=\"elementor-widget-container\">\n\t\t\t\t\t<h2 class=\"elementor-heading-title elementor-size-default\">Graphics<\/h2>\t\t\t\t<\/div>\n\t\t\t\t<\/div>\n\t\t\t\t<div class=\"elementor-element elementor-element-75295fb iscador-text elementor-widget elementor-widget-text-editor\" data-id=\"75295fb\" data-element_type=\"widget\" data-e-type=\"widget\" data-widget_type=\"text-editor.default\">\n\t\t\t\t<div class=\"elementor-widget-container\">\n\t\t\t\t\t\t\t\t\t<p>Franziska Mbarga<\/p>\n\t\t\t\t\t\t\t\t<\/div>\n\t\t\t\t<\/div>\n\t\t\t\t<div class=\"elementor-element elementor-element-14d7c65 iscador-h2 elementor-widget elementor-widget-heading\" data-id=\"14d7c65\" data-element_type=\"widget\" data-e-type=\"widget\" data-widget_type=\"heading.default\">\n\t\t\t\t<div class=\"elementor-widget-container\">\n\t\t\t\t\t<h2 class=\"elementor-heading-title elementor-size-default\">Implementation<\/h2>\t\t\t\t<\/div>\n\t\t\t\t<\/div>\n\t\t\t\t<div class=\"elementor-element elementor-element-85ac6c6 iscador-text elementor-widget elementor-widget-text-editor\" data-id=\"85ac6c6\" data-element_type=\"widget\" data-e-type=\"widget\" data-widget_type=\"text-editor.default\">\n\t\t\t\t<div class=\"elementor-widget-container\">\n\t\t\t\t\t\t\t\t\t<p>C4 Berlin Ideas and Experience GmbH<br \/>Marburger Str. 3<br \/>10789 Berlin<\/p>\n\t\t\t\t\t\t\t\t<\/div>\n\t\t\t\t<\/div>\n\t\t\t\t<div class=\"elementor-element elementor-element-a0ad972 iscador-h2 elementor-widget elementor-widget-heading\" data-id=\"a0ad972\" data-element_type=\"widget\" data-e-type=\"widget\" data-widget_type=\"heading.default\">\n\t\t\t\t<div class=\"elementor-widget-container\">\n\t\t\t\t\t<h2 class=\"elementor-heading-title elementor-size-default\">Disclaimer\n<\/h2>\t\t\t\t<\/div>\n\t\t\t\t<\/div>\n\t\t\t\t<div class=\"elementor-element elementor-element-7d63061 iscador-text elementor-widget elementor-widget-text-editor\" data-id=\"7d63061\" data-element_type=\"widget\" data-e-type=\"widget\" data-widget_type=\"text-editor.default\">\n\t\t\t\t<div class=\"elementor-widget-container\">\n\t\t\t\t\t\t\t\t\t<p>We offer you a variety of information on our websites which is regularly updated. We assume no liability whatsoever for the contextual correctness, accuracy, topicality, reliability and completeness of the information.<\/p>\n\t\t\t\t\t\t\t\t<\/div>\n\t\t\t\t<\/div>\n\t\t\t\t<div class=\"elementor-element elementor-element-bc6ef26 iscador-text elementor-widget elementor-widget-text-editor\" data-id=\"bc6ef26\" data-element_type=\"widget\" data-e-type=\"widget\" data-widget_type=\"text-editor.default\">\n\t\t\t\t<div class=\"elementor-widget-container\">\n\t\t\t\t\t\t\t\t\t<p>Liability claims against the authors based on material or immaterial damage of any kind, which was caused by accessing or using or not using the published information, by misusing the connection or by technical disruptions are excluded.<\/p>\n\t\t\t\t\t\t\t\t<\/div>\n\t\t\t\t<\/div>\n\t\t\t\t<div class=\"elementor-element elementor-element-e8917a7 iscador-text elementor-widget elementor-widget-text-editor\" data-id=\"e8917a7\" data-element_type=\"widget\" data-e-type=\"widget\" data-widget_type=\"text-editor.default\">\n\t\t\t\t<div class=\"elementor-widget-container\">\n\t\t\t\t\t\t\t\t\t<p>All offers are non-binding. The authors expressly reserve the right to change, supplement, delete parts of the pages or the entire offer or suspend the publication temporarily or permanently without special notification.<\/p>\n\t\t\t\t\t\t\t\t<\/div>\n\t\t\t\t<\/div>\n\t\t\t\t<div class=\"elementor-element elementor-element-2eb98ea iscador-h2 elementor-widget elementor-widget-heading\" data-id=\"2eb98ea\" data-element_type=\"widget\" data-e-type=\"widget\" data-widget_type=\"heading.default\">\n\t\t\t\t<div class=\"elementor-widget-container\">\n\t\t\t\t\t<h2 class=\"elementor-heading-title elementor-size-default\">Liability for links<\/h2>\t\t\t\t<\/div>\n\t\t\t\t<\/div>\n\t\t\t\t<div class=\"elementor-element elementor-element-e2f2078 iscador-text elementor-widget elementor-widget-text-editor\" data-id=\"e2f2078\" data-element_type=\"widget\" data-e-type=\"widget\" data-widget_type=\"text-editor.default\">\n\t\t\t\t<div class=\"elementor-widget-container\">\n\t\t\t\t\t\t\t\t\t<p>References and links to third party websites lie outside of our sphere of control. Any responsibility for such websites is rejected. Such websites are accessed and used at the user\u2019s own risk.<\/p>\n\t\t\t\t\t\t\t\t<\/div>\n\t\t\t\t<\/div>\n\t\t\t\t<div class=\"elementor-element elementor-element-3c92046 iscador-text elementor-widget elementor-widget-text-editor\" data-id=\"3c92046\" data-element_type=\"widget\" data-e-type=\"widget\" data-widget_type=\"text-editor.default\">\n\t\t\t\t<div class=\"elementor-widget-container\">\n\t\t\t\t\t\t\t\t\t<p>Linked pages were carefully checked at the time of linking, illegal content was not recognisable at that time. However, it is unreasonable to expect a constant contextual control of the linked pages without concrete evidence of an infringement. Should infringements become known, such links will be removed immediately.<\/p>\n\t\t\t\t\t\t\t\t<\/div>\n\t\t\t\t<\/div>\n\t\t\t\t<div class=\"elementor-element elementor-element-0b0d9aa iscador-h2 elementor-widget elementor-widget-heading\" data-id=\"0b0d9aa\" data-element_type=\"widget\" data-e-type=\"widget\" data-widget_type=\"heading.default\">\n\t\t\t\t<div class=\"elementor-widget-container\">\n\t\t\t\t\t<h2 class=\"elementor-heading-title elementor-size-default\">Copyrights<\/h2>\t\t\t\t<\/div>\n\t\t\t\t<\/div>\n\t\t\t\t<div class=\"elementor-element elementor-element-c9195dd iscador-text elementor-widget elementor-widget-text-editor\" data-id=\"c9195dd\" data-element_type=\"widget\" data-e-type=\"widget\" data-widget_type=\"text-editor.default\">\n\t\t\t\t<div class=\"elementor-widget-container\">\n\t\t\t\t\t\t\t\t\t<p>Copyrights and all other rights to content, pictures, photos and other data on the website are the exclusive property of Iscador AG or a specifically named owner of the rights. The reproduction of any elements must be approved in advance by the copyright holders.<\/p>\n\t\t\t\t\t\t\t\t<\/div>\n\t\t\t\t<\/div>\n\t\t\t\t<div class=\"elementor-element elementor-element-416b1af iscador-text elementor-widget elementor-widget-text-editor\" data-id=\"416b1af\" data-element_type=\"widget\" data-e-type=\"widget\" data-widget_type=\"text-editor.default\">\n\t\t\t\t<div class=\"elementor-widget-container\">\n\t\t\t\t\t\t\t\t\t<p>If the content of this page is not created by the operator, third party copyrights are observed. In particular, third party content is marked as such. Should you nevertheless become aware of a copyright infringement, please inform us accordingly. If an infringement is revealed, we will remove such content immediately.<\/p>\n\t\t\t\t\t\t\t\t<\/div>\n\t\t\t\t<\/div>\n\t\t\t\t\t<\/div>\n\t\t\t\t<\/div>\n\t\t<div class=\"elementor-element elementor-element-4a74050 e-flex e-con-boxed e-con e-parent\" data-id=\"4a74050\" data-element_type=\"container\" data-e-type=\"container\">\n\t\t\t\t\t<div class=\"e-con-inner\">\n\t\t\t\t<div class=\"elementor-element elementor-element-8bcf8d2 iscador-divider elementor-widget-divider--view-line elementor-widget elementor-widget-divider\" data-id=\"8bcf8d2\" data-element_type=\"widget\" data-e-type=\"widget\" data-widget_type=\"divider.default\">\n\t\t\t\t<div class=\"elementor-widget-container\">\n\t\t\t\t\t\t\t<div class=\"elementor-divider\">\n\t\t\t<span class=\"elementor-divider-separator\">\n\t\t\t\t\t\t<\/span>\n\t\t<\/div>\n\t\t\t\t\t\t<\/div>\n\t\t\t\t<\/div>\n\t\t\t\t<div class=\"elementor-element elementor-element-77be1dc elementor-widget elementor-widget-template\" data-id=\"77be1dc\" data-element_type=\"widget\" data-e-type=\"widget\" data-widget_type=\"template.default\">\n\t\t\t\t<div class=\"elementor-widget-container\">\n\t\t\t\t\t\t\t<div class=\"elementor-template\">\n\t\t\t\t\t<div data-elementor-type=\"container\" data-elementor-id=\"237289\" class=\"elementor elementor-237289 elementor-236363 elementor-236363\" data-elementor-post-type=\"elementor_library\">\n\t\t\t\t<div class=\"elementor-element elementor-element-5beb5e8c iscador-kachel-bar-wrapper e-flex e-con-boxed e-con e-parent\" data-id=\"5beb5e8c\" data-element_type=\"container\" data-e-type=\"container\">\n\t\t\t\t\t<div class=\"e-con-inner\">\n\t\t<div class=\"elementor-element elementor-element-3b7d892b e-con-full e-flex e-con e-child\" data-id=\"3b7d892b\" data-element_type=\"container\" data-e-type=\"container\">\n\t\t\t\t<div class=\"elementor-element elementor-element-668ac69f iscador-icon-kachel elementor-position-top elementor-widget elementor-widget-image-box\" data-id=\"668ac69f\" data-element_type=\"widget\" data-e-type=\"widget\" data-widget_type=\"image-box.default\">\n\t\t\t\t<div class=\"elementor-widget-container\">\n\t\t\t\t\t<div class=\"elementor-image-box-wrapper\"><figure class=\"elementor-image-box-img\"><a href=\"https:\/\/preview.iscador.com\/services\/kontakt\/\" tabindex=\"-1\"><img fetchpriority=\"high\" decoding=\"async\" width=\"288\" height=\"288\" src=\"https:\/\/iscador.com\/wp-content\/uploads\/2022\/03\/kontakt_Icon_Iscador-1.png\" class=\"elementor-animation-grow attachment-medium_large size-medium_large wp-image-227629\" alt=\"Kontakt\" \/><\/a><\/figure><div class=\"elementor-image-box-content\"><h3 class=\"elementor-image-box-title\"><a href=\"https:\/\/preview.iscador.com\/services\/kontakt\/\">Contact<\/a><\/h3><p class=\"elementor-image-box-description\">Get in touch with us<\/p><\/div><\/div>\t\t\t\t<\/div>\n\t\t\t\t<\/div>\n\t\t\t\t<\/div>\n\t\t<div class=\"elementor-element elementor-element-659cc4ff e-con-full e-flex e-con e-child\" data-id=\"659cc4ff\" data-element_type=\"container\" data-e-type=\"container\">\n\t\t\t\t<div class=\"elementor-element elementor-element-17eeb675 iscador-icon-kachel elementor-position-top elementor-widget elementor-widget-image-box\" data-id=\"17eeb675\" data-element_type=\"widget\" data-e-type=\"widget\" data-widget_type=\"image-box.default\">\n\t\t\t\t<div class=\"elementor-widget-container\">\n\t\t\t\t\t<div class=\"elementor-image-box-wrapper\"><figure class=\"elementor-image-box-img\"><a href=\"https:\/\/iscador.com\/en\/about-us\/career\/\" tabindex=\"-1\"><img decoding=\"async\" width=\"288\" height=\"288\" src=\"https:\/\/iscador.com\/wp-content\/uploads\/2022\/03\/Stellen_Icon_Iscador-1.png\" class=\"elementor-animation-grow attachment-medium_large size-medium_large wp-image-227641\" alt=\"Stellen\" \/><\/a><\/figure><div class=\"elementor-image-box-content\"><h3 class=\"elementor-image-box-title\"><a href=\"https:\/\/iscador.com\/en\/about-us\/career\/\">We are looking for you<\/a><\/h3><p class=\"elementor-image-box-description\">Your career at Iscador AG<\/p><\/div><\/div>\t\t\t\t<\/div>\n\t\t\t\t<\/div>\n\t\t\t\t<\/div>\n\t\t<div class=\"elementor-element elementor-element-122cdb2e e-con-full e-flex e-con e-child\" data-id=\"122cdb2e\" data-element_type=\"container\" data-e-type=\"container\">\n\t\t\t\t<div class=\"elementor-element elementor-element-5f113c3c iscador-icon-kachel elementor-position-top elementor-widget elementor-widget-image-box\" data-id=\"5f113c3c\" data-element_type=\"widget\" data-e-type=\"widget\" data-widget_type=\"image-box.default\">\n\t\t\t\t<div class=\"elementor-widget-container\">\n\t\t\t\t\t<div class=\"elementor-image-box-wrapper\"><figure class=\"elementor-image-box-img\"><a href=\"https:\/\/iscador.com\/en\/professionals-section-teaser\/\" tabindex=\"-1\"><img decoding=\"async\" width=\"288\" height=\"288\" src=\"https:\/\/iscador.com\/wp-content\/uploads\/2022\/03\/Fachbereich_Icon_Iscador-1.png\" class=\"elementor-animation-grow attachment-medium_large size-medium_large wp-image-227644\" alt=\"Bereich f\u00fcr Fachkreise\" \/><\/a><\/figure><div class=\"elementor-image-box-content\"><h3 class=\"elementor-image-box-title\"><a href=\"https:\/\/iscador.com\/en\/professionals-section-teaser\/\">Professionals Section<\/a><\/h3><p class=\"elementor-image-box-description\">Area for medical professionals<\/p><\/div><\/div>\t\t\t\t<\/div>\n\t\t\t\t<\/div>\n\t\t\t\t<\/div>\n\t\t\t\t\t<\/div>\n\t\t\t\t<\/div>\n\t\t\t\t<\/div>\n\t\t\t\t<\/div>\n\t\t\t\t\t\t<\/div>\n\t\t\t\t<\/div>\n\t\t\t\t\t<\/div>\n\t\t\t\t<\/div>\n\t\t\t\t<\/div>\n\t\t","protected":false},"excerpt":{"rendered":"<p>Imprint Iscador AGKirschweg 94144 ArlesheimSwitzerland Tel. +41 61 706 72 22info@iscador.ch Aktiengesellschaft (Limited Company) Commercial Register Office: Canton Basel-CountryRegistered company: Iscador AGUID: CHE-398.290.395 Authorised representatives (Board of directors) Gerhard Schaller, Bj\u00f6rn Stehle, Sarah S. Monz Chairman of the Supervisory Board: Alexander Gutmans Responsible for the content Matthias M\u00fctsch, Information Officer Photography J\u00fcrg Buess, Hartmut Ramm [&hellip;]<\/p>\n","protected":false},"author":13,"featured_media":0,"parent":0,"menu_order":0,"comment_status":"closed","ping_status":"closed","template":"","meta":{"_acf_changed":false,"footnotes":""},"folder":[374],"class_list":["post-237346","page","type-page","status-publish","hentry"],"acf":[],"_links":{"self":[{"href":"https:\/\/iscador.com\/en\/wp-json\/wp\/v2\/pages\/237346","targetHints":{"allow":["GET"]}}],"collection":[{"href":"https:\/\/iscador.com\/en\/wp-json\/wp\/v2\/pages"}],"about":[{"href":"https:\/\/iscador.com\/en\/wp-json\/wp\/v2\/types\/page"}],"author":[{"embeddable":true,"href":"https:\/\/iscador.com\/en\/wp-json\/wp\/v2\/users\/13"}],"replies":[{"embeddable":true,"href":"https:\/\/iscador.com\/en\/wp-json\/wp\/v2\/comments?post=237346"}],"version-history":[{"count":0,"href":"https:\/\/iscador.com\/en\/wp-json\/wp\/v2\/pages\/237346\/revisions"}],"wp:attachment":[{"href":"https:\/\/iscador.com\/en\/wp-json\/wp\/v2\/media?parent=237346"}],"wp:term":[{"taxonomy":"folder","embeddable":true,"href":"https:\/\/iscador.com\/en\/wp-json\/wp\/v2\/folder?post=237346"}],"curies":[{"name":"wp","href":"https:\/\/api.w.org\/{rel}","templated":true}]}}